{"id":7050,"date":"2021-03-05T15:59:24","date_gmt":"2021-03-05T15:59:24","guid":{"rendered":"http:\/\/test5.ottohainzl.at\/?page_id=7050"},"modified":"2021-04-08T20:52:23","modified_gmt":"2021-04-08T20:52:23","slug":"im-atelier-erwerben","status":"publish","type":"page","link":"https:\/\/test5.ottohainzl.at\/en\/im-atelier-erwerben\/","title":{"rendered":"Im Atelier Erwerben"},"content":{"rendered":"<p>[vc_row][vc_column][vc_empty_space height=&#8221;70px&#8221; el_class=&#8221;.hide_on_mobile&#8221;][\/vc_column][\/vc_row][vc_section][vc_row][vc_column][vc_column_text css=&#8221;.vc_custom_1613754502540{margin-top: -10px !important;padding-top: -10px !important;}&#8221;]<\/p>\n<h2 style=\"text-align: left;\">Kunst kaufen<\/h2>\n<h5 style=\"text-align: left;\">Wie kann ich ein Werk erwerben<\/h5>\n<p>[\/vc_column_text][vc_empty_space height=&#8221;10px&#8221;][\/vc_column][vc_column width=&#8221;2\/3&#8243;][vc_column_text]<\/p>\n<div class=\"wpb_text_column wpb_content_element post-formatting \">\n<div class=\"wpb_wrapper\">\n<div class=\"wpb_text_column wpb_content_element vc_custom_1611235200875 post-formatting \">\n<div class=\"wpb_wrapper\">\n<div class=\"wpb_text_column wpb_content_element vc_custom_1611235200875 post-formatting \">\n<div class=\"wpb_wrapper\">Eine gute Arbeit zeichnet sich f\u00fcr mich auch dadurch aus, dass man auch nach langem ansehen immer wieder etwas Besonderes entdeckt. Das zeigt Tiefe im Werk. Ich selbst habe Arbeiten von mir Zuhause h\u00e4ngen und entdecke oft nach ein oder zwei Jahren wieder etwas Neues. Das Bild \u00f6ffnet einen Betrachtungsraum anstatt nur auf den ersten Blick gefallen zu wollen. Das ist f\u00fcr mich ein enorm wichtiger Aspekt. Nat\u00fcrlich sind da auch thematische, \u00e4sthetische und viele andere Aspekte, doch diese Tiefe finde ich enorm wichtig. Und: Es soll Ihr Gef\u00fchl ansprechen, Freude machen \u2013 dann ist ein Bild meist ein Begleiter \u00fcber lange Zeit.<\/div>\n<\/div>\n<\/div>\n<\/div>\n<div class=\"wpb_text_column wpb_content_element post-formatting \">\n<div class=\"wpb_wrapper\">\n<p>So kann ein Bild Begleiter \u00fcber eine lange Zeit sein. Viele der hier gezeigten Arbeiten sind zum Kauf erh\u00e4ltlich. Jeder Kunstdruck wird von mir authentiziert, also nach der Erstellung auf seine Qualit\u00e4t kontrolliert und erst dann freigegeben. Jeder Kunstdruck ist limitiert, zumeist auf 5 St\u00fcck und unterliegt einergenauen Auflagenkontrolle. Treten Sie mit mir direkt, zum Beispiel telefonisch, in Kontakt und lassen Sie sich beraten. Sie k\u00f6nnen mich auch gerne im Atelier besuchen. Hier sehen Sie mein Arbeitsumfeld und nat\u00fcrlich Originale. Denn nur ein Original ist ein Original so wie ich selbst auch. Sie k\u00f6nnen das jeweilige Werk wahlweise als Blatt oder h\u00e4ngefertig erwerben. Manche Arbeiten k\u00f6nnen auch im Aussenbereich geh\u00e4ngt werden. Einige Arbeiten waren auf Ausstellungen in ganz Europa unterwegs, auch dar\u00fcber gebe ich gerne Auskunft. Einzelne Publikationen k\u00f6nnen Sie per <a href=\"atelier@ottohainzl.at\">Mail<\/a> oder \u00fcber den <a href=\"http:\/\/test5.ottohainzl.at\/shop-2\/\">Shop<\/a> erwerben.<\/p>\n<\/div>\n<\/div>\n<\/div>\n<\/div>\n<p>[\/vc_column_text][vc_row_inner][vc_column_inner width=&#8221;1\/3&#8243;][lab_button title=&#8221;Kontaktieren Sie mich&#8221; type=&#8221;standard&#8221; link=&#8221;url:%2Fcontact%2F&#8221;][\/vc_column_inner][vc_column_inner width=&#8221;1\/3&#8243;][lab_button title=&#8221;zum Shop&#8221; type=&#8221;standard&#8221; link=&#8221;url:%2Fshop%2F&#8221;][\/vc_column_inner][vc_column_inner width=&#8221;1\/3&#8243;][\/vc_column_inner][\/vc_row_inner][\/vc_column][vc_column width=&#8221;1\/3&#8243;][vc_single_image image=&#8221;5986&#8243; img_size=&#8221;large&#8221;][\/vc_column][\/vc_row][\/vc_section][vc_row][vc_column offset=&#8221;vc_hidden-xs&#8221;][vc_empty_space height=&#8221;80px&#8221;][\/vc_column][\/vc_row]<\/p>\n","protected":false},"excerpt":{"rendered":"<p>[vc_row][vc_column][vc_empty_space height=&#8221;70px&#8221; el_class=&#8221;.hide_on_mobile&#8221;][\/vc_column][\/vc_row][vc_section][vc_row][vc_column][vc_column_text css=&#8221;.vc_custom_1613754502540{margin-top: -10px !important;padding-top: -10px !important;}&#8221;] Kunst kaufen Wie kann ich ein Werk erwerben [\/vc_column_text][vc_empty_space height=&#8221;10px&#8221;][\/vc_column][vc_column width=&#8221;2\/3&#8243;][vc_column_text] Eine gute Arbeit zeichnet sich f\u00fcr mich auch dadurch aus, dass man auch nach langem ansehen immer wieder etwas Besonderes entdeckt. Das zeigt Tiefe im Werk. Ich selbst habe Arbeiten von mir Zuhause h\u00e4ngen und entdecke&hellip;<\/p>\n","protected":false},"author":1,"featured_media":0,"parent":0,"menu_order":0,"comment_status":"closed","ping_status":"closed","template":"","meta":[],"translation":{"provider":"WPGlobus","version":"2.7.1","language":"en","enabled_languages":["de","en"],"languages":{"de":{"title":true,"content":true,"excerpt":false},"en":{"title":false,"content":false,"excerpt":false}}},"_links":{"self":[{"href":"https:\/\/test5.ottohainzl.at\/en\/wp-json\/wp\/v2\/pages\/7050"}],"collection":[{"href":"https:\/\/test5.ottohainzl.at\/en\/wp-json\/wp\/v2\/pages"}],"about":[{"href":"https:\/\/test5.ottohainzl.at\/en\/wp-json\/wp\/v2\/types\/page"}],"author":[{"embeddable":true,"href":"https:\/\/test5.ottohainzl.at\/en\/wp-json\/wp\/v2\/users\/1"}],"replies":[{"embeddable":true,"href":"https:\/\/test5.ottohainzl.at\/en\/wp-json\/wp\/v2\/comments?post=7050"}],"version-history":[{"count":8,"href":"https:\/\/test5.ottohainzl.at\/en\/wp-json\/wp\/v2\/pages\/7050\/revisions"}],"predecessor-version":[{"id":7652,"href":"https:\/\/test5.ottohainzl.at\/en\/wp-json\/wp\/v2\/pages\/7050\/revisions\/7652"}],"wp:attachment":[{"href":"https:\/\/test5.ottohainzl.at\/en\/wp-json\/wp\/v2\/media?parent=7050"}],"curies":[{"name":"wp","href":"https:\/\/api.w.org\/{rel}","templated":true}]}}